{"id":8751,"date":"2023-11-23T11:14:04","date_gmt":"2023-11-23T10:14:04","guid":{"rendered":"https:\/\/ecosens.aretis-staging.ch\/?page_id=8751"},"modified":"2023-11-23T11:32:47","modified_gmt":"2023-11-23T10:32:47","slug":"manuel-technique-du-droit-public-de-la-construction","status":"publish","type":"page","link":"https:\/\/www.ecosens.ch\/fr\/publications\/manuel-technique-du-droit-public-de-la-construction\/","title":{"rendered":"Manuel technique sur le droit public de la construction"},"content":{"rendered":"<style>.elementor-8751 .elementor-element.elementor-element-9e156ff:not(.elementor-motion-effects-element-type-background), .elementor-8751 .elementor-element.elementor-element-9e156ff > .elementor-motion-effects-container > .elementor-motion-effects-layer{background-color:var( --e-global-color-723681b );}.elementor-8751 .elementor-element.elementor-element-9e156ff > .elementor-background-overlay{background-image:url(\"https:\/\/www.ecosens.ch\/wp-content\/uploads\/2023\/01\/bg-soft-1.jpg\");opacity:0.5;transition:background 0.3s, border-radius 0.3s, opacity 0.3s;}.elementor-8751 .elementor-element.elementor-element-9e156ff{transition:background 0.3s, border 0.3s, border-radius 0.3s, box-shadow 0.3s;padding:60px 0px 60px 0px;}.elementor-8751 .elementor-element.elementor-element-ae7996e{text-align:center;}.elementor-8751 .elementor-element.elementor-element-967c6cc{text-align:center;}.elementor-8751 .elementor-element.elementor-element-967c6cc .elementor-heading-title{font-size:16px;font-weight:400;text-transform:uppercase;letter-spacing:1.3px;color:var( --e-global-color-text );}.elementor-8751 .elementor-element.elementor-element-7361a52{--divider-border-style:solid;--divider-color:var( --e-global-color-secondary );--divider-border-width:3.2px;}.elementor-8751 .elementor-element.elementor-element-7361a52 .elementor-divider-separator{width:95px;margin:0 auto;margin-center:0;}.elementor-8751 .elementor-element.elementor-element-7361a52 .elementor-divider{text-align:center;padding-block-start:15px;padding-block-end:15px;}.elementor-8751 .elementor-element.elementor-element-4441dc6 > .elementor-container > .elementor-column > .elementor-widget-wrap{align-content:center;align-items:center;}.elementor-8751 .elementor-element.elementor-element-4441dc6 > .elementor-container{max-width:1170px;}.elementor-8751 .elementor-element.elementor-element-4441dc6{padding:100px 0px 100px 0px;}.elementor-8751 .elementor-element.elementor-element-b32519d:not(.elementor-motion-effects-element-type-background) > .elementor-widget-wrap, .elementor-8751 .elementor-element.elementor-element-b32519d > .elementor-widget-wrap > .elementor-motion-effects-container > .elementor-motion-effects-layer{background-color:var( --e-global-color-723681b );}.elementor-bc-flex-widget .elementor-8751 .elementor-element.elementor-element-b32519d.elementor-column .elementor-widget-wrap{align-items:flex-start;}.elementor-8751 .elementor-element.elementor-element-b32519d.elementor-column.elementor-element[data-element_type=\"column\"] > .elementor-widget-wrap.elementor-element-populated{align-content:flex-start;align-items:flex-start;}.elementor-8751 .elementor-element.elementor-element-b32519d > .elementor-element-populated, .elementor-8751 .elementor-element.elementor-element-b32519d > .elementor-element-populated > .elementor-background-overlay, .elementor-8751 .elementor-element.elementor-element-b32519d > .elementor-background-slideshow{border-radius:0px 0px 0px 0px;}.elementor-8751 .elementor-element.elementor-element-b32519d > .elementor-element-populated{transition:background 0.3s, border 0.3s, border-radius 0.3s, box-shadow 0.3s;margin:0px 40px 0px 10px;--e-column-margin-right:40px;--e-column-margin-left:10px;padding:40px 40px 40px 40px;}.elementor-8751 .elementor-element.elementor-element-b32519d > .elementor-element-populated > .elementor-background-overlay{transition:background 0.3s, border-radius 0.3s, opacity 0.3s;}.elementor-8751 .elementor-element.elementor-element-a42d5fc .elementor-icon-wrapper{text-align:center;}.elementor-8751 .elementor-element.elementor-element-a42d5fc.elementor-view-stacked .elementor-icon{background-color:var( --e-global-color-secondary );}.elementor-8751 .elementor-element.elementor-element-a42d5fc.elementor-view-framed .elementor-icon, .elementor-8751 .elementor-element.elementor-element-a42d5fc.elementor-view-default .elementor-icon{color:var( --e-global-color-secondary );border-color:var( --e-global-color-secondary );}.elementor-8751 .elementor-element.elementor-element-a42d5fc.elementor-view-framed .elementor-icon, .elementor-8751 .elementor-element.elementor-element-a42d5fc.elementor-view-default .elementor-icon svg{fill:var( --e-global-color-secondary );}.elementor-8751 .elementor-element.elementor-element-a42d5fc .elementor-icon{font-size:62px;}.elementor-8751 .elementor-element.elementor-element-a42d5fc .elementor-icon svg{height:62px;}.elementor-8751 .elementor-element.elementor-element-87f3e87 .elementor-button{text-transform:none;}.elementor-8751 .elementor-element.elementor-element-bbac6b8 > .elementor-element-populated{margin:0px 0px 0px 20px;--e-column-margin-right:0px;--e-column-margin-left:20px;}.elementor-8751 .elementor-element.elementor-element-0407a7c > .elementor-widget-container{margin:0px 0px 0px 0px;}.elementor-8751 .elementor-element.elementor-element-0407a7c{text-align:start;}.elementor-8751 .elementor-element.elementor-element-0407a7c .elementor-heading-title{text-transform:none;font-style:normal;text-decoration:none;line-height:1.2em;letter-spacing:0px;color:var( --e-global-color-primary );}.elementor-8751 .elementor-element.elementor-element-8e81e76{--divider-border-style:solid;--divider-color:var( --e-global-color-secondary );--divider-border-width:2.7px;}.elementor-8751 .elementor-element.elementor-element-8e81e76 .elementor-divider-separator{width:95px;margin:0 auto;margin-left:0;}.elementor-8751 .elementor-element.elementor-element-8e81e76 .elementor-divider{text-align:left;padding-block-start:9px;padding-block-end:9px;}.elementor-8751 .elementor-element.elementor-element-8ffdeb7{font-family:var( --e-global-typography-text-font-family ), Sans-serif;font-size:var( --e-global-typography-text-font-size );font-weight:var( --e-global-typography-text-font-weight );text-transform:var( --e-global-typography-text-text-transform );font-style:var( --e-global-typography-text-font-style );text-decoration:var( --e-global-typography-text-text-decoration );line-height:var( --e-global-typography-text-line-height );color:var( --e-global-color-text );}:root{--page-title-display:none;}@media(max-width:1024px){.elementor-8751 .elementor-element.elementor-element-4441dc6{padding:60px 10px 40px 10px;}.elementor-8751 .elementor-element.elementor-element-b32519d > .elementor-element-populated{margin:0px 10px 0px 10px;--e-column-margin-right:10px;--e-column-margin-left:10px;}.elementor-8751 .elementor-element.elementor-element-bbac6b8 > .elementor-element-populated{margin:40px 0px 0px 0px;--e-column-margin-right:0px;--e-column-margin-left:0px;}.elementor-8751 .elementor-element.elementor-element-8ffdeb7{font-size:var( --e-global-typography-text-font-size );line-height:var( --e-global-typography-text-line-height );}}@media(max-width:767px){.elementor-8751 .elementor-element.elementor-element-4441dc6{padding:40px 10px 20px 10px;}.elementor-8751 .elementor-element.elementor-element-b32519d > .elementor-element-populated{padding:30px 30px 30px 30px;}.elementor-8751 .elementor-element.elementor-element-bbac6b8 > .elementor-element-populated{margin:30px 0px 0px 0px;--e-column-margin-right:0px;--e-column-margin-left:0px;}.elementor-8751 .elementor-element.elementor-element-0407a7c .elementor-heading-title{font-size:24px;}.elementor-8751 .elementor-element.elementor-element-8ffdeb7 > .elementor-widget-container{margin:0px 0px 0px 0px;}.elementor-8751 .elementor-element.elementor-element-8ffdeb7{font-size:var( --e-global-typography-text-font-size );line-height:var( --e-global-typography-text-line-height );}}@media(min-width:768px){.elementor-8751 .elementor-element.elementor-element-b32519d{width:35%;}.elementor-8751 .elementor-element.elementor-element-bbac6b8{width:65%;}}@media(max-width:1024px) and (min-width:768px){.elementor-8751 .elementor-element.elementor-element-b32519d{width:100%;}.elementor-8751 .elementor-element.elementor-element-bbac6b8{width:100%;}}<\/style>\t\t<div data-elementor-type=\"wp-page\" data-elementor-id=\"8751\" class=\"elementor elementor-8751\" data-elementor-post-type=\"page\">\n\t\t\t\t\t\t<section class=\"elementor-section elementor-top-section elementor-element elementor-element-9e156ff elementor-section-boxed elementor-section-height-default elementor-section-height-default\" data-id=\"9e156ff\" data-element_type=\"section\" data-settings=\"{&quot;background_background&quot;:&quot;classic&quot;}\">\n\t\t\t\t\t\t\t<div class=\"elementor-background-overlay\"><\/div>\n\t\t\t\t\t\t\t<div class=\"elementor-container elementor-column-gap-default\">\n\t\t\t\t\t<div class=\"elementor-column elementor-col-100 elementor-top-column elementor-element elementor-element-52b9ba8 elementor-invisible\" data-id=\"52b9ba8\" data-element_type=\"column\" data-settings=\"{&quot;animation&quot;:&quot;fadeInDown&quot;}\">\n\t\t\t<div class=\"elementor-widget-wrap elementor-element-populated\">\n\t\t\t\t\t\t<div class=\"elementor-element elementor-element-ae7996e elementor-widget elementor-widget-heading\" data-id=\"ae7996e\" data-element_type=\"widget\" data-widget_type=\"heading.default\">\n\t\t\t\t<div class=\"elementor-widget-container\">\n\t\t\t\t\t<h1 class=\"elementor-heading-title elementor-size-default\">Manuel sp\u00e9cialis\u00e9 <\/h1>\t\t\t\t<\/div>\n\t\t\t\t<\/div>\n\t\t\t\t<div class=\"elementor-element elementor-element-967c6cc elementor-widget elementor-widget-heading\" data-id=\"967c6cc\" data-element_type=\"widget\" data-widget_type=\"heading.default\">\n\t\t\t\t<div class=\"elementor-widget-container\">\n\t\t\t\t\t<h4 class=\"elementor-heading-title elementor-size-default\">Droit public de la construction<\/h4>\t\t\t\t<\/div>\n\t\t\t\t<\/div>\n\t\t\t\t<div class=\"elementor-element elementor-element-7361a52 elementor-widget-divider--view-line elementor-widget elementor-widget-divider\" data-id=\"7361a52\" data-element_type=\"widget\" data-widget_type=\"divider.default\">\n\t\t\t\t<div class=\"elementor-widget-container\">\n\t\t\t\t\t\t\t<div class=\"elementor-divider\">\n\t\t\t<span class=\"elementor-divider-separator\">\n\t\t\t\t\t\t<\/span>\n\t\t<\/div>\n\t\t\t\t\t\t<\/div>\n\t\t\t\t<\/div>\n\t\t\t\t\t<\/div>\n\t\t<\/div>\n\t\t\t\t\t<\/div>\n\t\t<\/section>\n\t\t\t\t<section class=\"elementor-section elementor-top-section elementor-element elementor-element-4441dc6 elementor-section-content-middle elementor-section-boxed elementor-section-height-default elementor-section-height-default\" data-id=\"4441dc6\" data-element_type=\"section\">\n\t\t\t\t\t\t<div class=\"elementor-container elementor-column-gap-default\">\n\t\t\t\t\t<div class=\"elementor-column elementor-col-50 elementor-top-column elementor-element elementor-element-b32519d\" data-id=\"b32519d\" data-element_type=\"column\" data-settings=\"{&quot;background_background&quot;:&quot;classic&quot;}\">\n\t\t\t<div class=\"elementor-widget-wrap elementor-element-populated\">\n\t\t\t\t\t\t<div class=\"elementor-element elementor-element-a42d5fc elementor-view-default elementor-widget elementor-widget-icon\" data-id=\"a42d5fc\" data-element_type=\"widget\" data-settings=\"{&quot;_animation&quot;:&quot;none&quot;}\" data-widget_type=\"icon.default\">\n\t\t\t\t<div class=\"elementor-widget-container\">\n\t\t\t\t\t\t\t<div class=\"elementor-icon-wrapper\">\n\t\t\t<div class=\"elementor-icon\">\n\t\t\t<i aria-hidden=\"true\" class=\"jki jki-open-book1-light\"><\/i>\t\t\t<\/div>\n\t\t<\/div>\n\t\t\t\t\t\t<\/div>\n\t\t\t\t<\/div>\n\t\t\t\t<div class=\"elementor-element elementor-element-51a6ea3 elementor-widget elementor-widget-image\" data-id=\"51a6ea3\" data-element_type=\"widget\" data-widget_type=\"image.default\">\n\t\t\t\t<div class=\"elementor-widget-container\">\n\t\t\t\t\t\t\t\t\t\t\t\t\t\t\t<img fetchpriority=\"high\" decoding=\"async\" width=\"200\" height=\"283\" src=\"https:\/\/www.ecosens.ch\/wp-content\/uploads\/2023\/11\/Buchumschlag.jpg\" class=\"attachment-full size-full wp-image-8767\" alt=\"\" srcset=\"https:\/\/www.ecosens.ch\/wp-content\/uploads\/2023\/11\/Buchumschlag.jpg 200w, https:\/\/www.ecosens.ch\/wp-content\/uploads\/2023\/11\/Buchumschlag-8x12.jpg 8w\" sizes=\"(max-width: 200px) 100vw, 200px\" \/>\t\t\t\t\t\t\t\t\t\t\t\t\t\t\t<\/div>\n\t\t\t\t<\/div>\n\t\t\t\t<div class=\"elementor-element elementor-element-87f3e87 elementor-align-center elementor-widget elementor-widget-button\" data-id=\"87f3e87\" data-element_type=\"widget\" data-widget_type=\"button.default\">\n\t\t\t\t<div class=\"elementor-widget-container\">\n\t\t\t\t\t\t\t\t\t<div class=\"elementor-button-wrapper\">\n\t\t\t\t\t<a class=\"elementor-button elementor-button-link elementor-size-sm\" href=\"https:\/\/www.schulthess.com\/buchshop\/detail\/ISBN-9783725570706\/Griffel-Alain-Hrsg.-Liniger-Hans-Ulrich-Hrsg.-Rausch-Heribert-Hrsg.-Thurnherr-Daniela-Hrsg.\/Fachhandbuch-Oeffentliches-Baurechthttps\" target=\"_blank\">\n\t\t\t\t\t\t<span class=\"elementor-button-content-wrapper\">\n\t\t\t\t\t\t\t\t\t<span class=\"elementor-button-text\">Commander le livre<\/span>\n\t\t\t\t\t<\/span>\n\t\t\t\t\t<\/a>\n\t\t\t\t<\/div>\n\t\t\t\t\t\t\t\t<\/div>\n\t\t\t\t<\/div>\n\t\t\t\t\t<\/div>\n\t\t<\/div>\n\t\t\t\t<div class=\"elementor-column elementor-col-50 elementor-top-column elementor-element elementor-element-bbac6b8\" data-id=\"bbac6b8\" data-element_type=\"column\">\n\t\t\t<div class=\"elementor-widget-wrap elementor-element-populated\">\n\t\t\t\t\t\t<div class=\"elementor-element elementor-element-0407a7c elementor-widget elementor-widget-heading\" data-id=\"0407a7c\" data-element_type=\"widget\" data-widget_type=\"heading.default\">\n\t\t\t\t<div class=\"elementor-widget-container\">\n\t\t\t\t\t<h3 class=\"elementor-heading-title elementor-size-default\">Manuel sp\u00e9cialis\u00e9 de la maison d'\u00e9dition Schulthess<\/h3>\t\t\t\t<\/div>\n\t\t\t\t<\/div>\n\t\t\t\t<div class=\"elementor-element elementor-element-8e81e76 elementor-widget-divider--view-line elementor-widget elementor-widget-divider\" data-id=\"8e81e76\" data-element_type=\"widget\" data-widget_type=\"divider.default\">\n\t\t\t\t<div class=\"elementor-widget-container\">\n\t\t\t\t\t\t\t<div class=\"elementor-divider\">\n\t\t\t<span class=\"elementor-divider-separator\">\n\t\t\t\t\t\t<\/span>\n\t\t<\/div>\n\t\t\t\t\t\t<\/div>\n\t\t\t\t<\/div>\n\t\t\t\t<div class=\"elementor-element elementor-element-8ffdeb7 elementor-widget elementor-widget-text-editor\" data-id=\"8ffdeb7\" data-element_type=\"widget\" data-widget_type=\"text-editor.default\">\n\t\t\t\t<div class=\"elementor-widget-container\">\n\t\t\t\t\t\t\t\t\t<p>Enfin ! Jusqu'\u00e0 pr\u00e9sent, l'interaction entre les r\u00e9glementations f\u00e9d\u00e9rales, cantonales et communales lors de la r\u00e9alisation de projets de construction n'\u00e9tait gu\u00e8re compr\u00e9hensible, m\u00eame pour les juristes sp\u00e9cialis\u00e9s, les autorit\u00e9s, les planificateurs, les architectes et autres sp\u00e9cialistes. Cela a fondamentalement chang\u00e9 avec la parution du nouveau manuel sp\u00e9cialis\u00e9 \"\u00d6ffentliches Baurecht\" (droit public de la construction) des \u00e9ditions Schulthess.<\/p><p>Le nouveau manuel sp\u00e9cialis\u00e9 offre au praticien une vue d'ensemble syst\u00e9matique et ne laisse aucune question sans r\u00e9ponse. Celui qui s'occupe de projets de construction en tout genre ne pourra pas l'\u00e9viter. Avec Hans U. Liniger comme \u00e9diteur et Curdin Conrad, Lorenz Lehmann et Heinz Rothweiler comme auteurs, Ecosens SA a pu apporter une contribution de renom \u00e0 la r\u00e9ussite de ce manuel sp\u00e9cialis\u00e9.<\/p><p>Nous sommes fiers que les connaissances techniques de nos collaborateurs et collaboratrices soient rendues accessibles \u00e0 ce niveau \u00e9lev\u00e9 \u00e0 un grand cercle de sp\u00e9cialistes de la construction et de l'immobilier.<\/p>\t\t\t\t\t\t\t\t<\/div>\n\t\t\t\t<\/div>\n\t\t\t\t\t<\/div>\n\t\t<\/div>\n\t\t\t\t\t<\/div>\n\t\t<\/section>\n\t\t\t\t<\/div>","protected":false},"excerpt":{"rendered":"<p>Manuel sp\u00e9cialis\u00e9 de droit public de la construction Commander le livre Manuel sp\u00e9cialis\u00e9 des \u00e9ditions Schulthess Enfin ! Jusqu'\u00e0 pr\u00e9sent, l'interaction entre les r\u00e9glementations f\u00e9d\u00e9rales, cantonales et communales lors de la r\u00e9alisation de projets de construction n'\u00e9tait gu\u00e8re compr\u00e9hensible, m\u00eame pour les juristes sp\u00e9cialis\u00e9s, les autorit\u00e9s, les planificateurs, les architectes et autres sp\u00e9cialistes. Cela a fondamentalement chang\u00e9 avec la parution du nouveau manuel sp\u00e9cialis\u00e9 \"Droit public de la construction\" des \u00e9ditions Schulthess. [...]<\/p>","protected":false},"author":1,"featured_media":0,"parent":8735,"menu_order":1,"comment_status":"closed","ping_status":"closed","template":"","meta":{"_acf_changed":false,"footnotes":""},"folder":[],"class_list":["post-8751","page","type-page","status-publish","hentry"],"acf":[],"yoast_head":"<!-- This site is optimized with the Yoast SEO plugin v26.8 - https:\/\/yoast.com\/product\/yoast-seo-wordpress\/ -->\n<title>Fachhandbuch \u00d6ffentliches Baurecht - Ecosens AG<\/title>\n<meta name=\"robots\" content=\"index, follow, max-snippet:-1, max-image-preview:large, max-video-preview:-1\" \/>\n<link rel=\"canonical\" href=\"https:\/\/www.ecosens.ch\/fr\/publications\/manuel-technique-du-droit-public-de-la-construction\/\" \/>\n<meta property=\"og:locale\" content=\"fr_FR\" \/>\n<meta property=\"og:type\" content=\"article\" \/>\n<meta property=\"og:title\" content=\"Fachhandbuch \u00d6ffentliches Baurecht - Ecosens AG\" \/>\n<meta property=\"og:description\" content=\"Fachhandbuch \u00d6ffentliches Baurecht Buch bestellen Fachhandbuch aus dem Schulthess Verlag Endlich! Bisher war das Zusammenspiel von eidgen\u00f6ssischen, kantonalen und kommunalen Regelung bei der Realisierung von Bauprojekten auch f\u00fcr den Fachjuristen, Beh\u00f6rden, Planer, Architekten und andere Fachleute kaum nachvollziehbar. Dies hat sich mit dem Erscheinen des neuen Fachhandbuchs \u201e\u00d6ffentliches Baurecht\u201c aus dem Schulthess Verlag grundlegend ge\u00e4ndert. [&hellip;]\" \/>\n<meta property=\"og:url\" content=\"https:\/\/www.ecosens.ch\/fr\/publications\/manuel-technique-du-droit-public-de-la-construction\/\" \/>\n<meta property=\"og:site_name\" content=\"Ecosens AG\" \/>\n<meta property=\"article:modified_time\" content=\"2023-11-23T10:32:47+00:00\" \/>\n<meta property=\"og:image\" content=\"https:\/\/www.ecosens.ch\/wp-content\/uploads\/2023\/11\/Buchumschlag.jpg\" \/>\n<meta name=\"twitter:card\" content=\"summary_large_image\" \/>\n<meta name=\"twitter:label1\" content=\"Dur\u00e9e de lecture estim\u00e9e\" \/>\n\t<meta name=\"twitter:data1\" content=\"1 minute\" \/>\n<script type=\"application\/ld+json\" class=\"yoast-schema-graph\">{\"@context\":\"https:\/\/schema.org\",\"@graph\":[{\"@type\":\"WebPage\",\"@id\":\"https:\/\/www.ecosens.ch\/publikationen\/fachhandbuch-oeffentliches-baurecht\/\",\"url\":\"https:\/\/www.ecosens.ch\/publikationen\/fachhandbuch-oeffentliches-baurecht\/\",\"name\":\"Fachhandbuch \u00d6ffentliches Baurecht - Ecosens AG\",\"isPartOf\":{\"@id\":\"https:\/\/www.ecosens.ch\/#website\"},\"primaryImageOfPage\":{\"@id\":\"https:\/\/www.ecosens.ch\/publikationen\/fachhandbuch-oeffentliches-baurecht\/#primaryimage\"},\"image\":{\"@id\":\"https:\/\/www.ecosens.ch\/publikationen\/fachhandbuch-oeffentliches-baurecht\/#primaryimage\"},\"thumbnailUrl\":\"https:\/\/www.ecosens.ch\/wp-content\/uploads\/2023\/11\/Buchumschlag.jpg\",\"datePublished\":\"2023-11-23T10:14:04+00:00\",\"dateModified\":\"2023-11-23T10:32:47+00:00\",\"breadcrumb\":{\"@id\":\"https:\/\/www.ecosens.ch\/publikationen\/fachhandbuch-oeffentliches-baurecht\/#breadcrumb\"},\"inLanguage\":\"fr-FR\",\"potentialAction\":[{\"@type\":\"ReadAction\",\"target\":[\"https:\/\/www.ecosens.ch\/publikationen\/fachhandbuch-oeffentliches-baurecht\/\"]}]},{\"@type\":\"ImageObject\",\"inLanguage\":\"fr-FR\",\"@id\":\"https:\/\/www.ecosens.ch\/publikationen\/fachhandbuch-oeffentliches-baurecht\/#primaryimage\",\"url\":\"https:\/\/www.ecosens.ch\/wp-content\/uploads\/2023\/11\/Buchumschlag.jpg\",\"contentUrl\":\"https:\/\/www.ecosens.ch\/wp-content\/uploads\/2023\/11\/Buchumschlag.jpg\"},{\"@type\":\"BreadcrumbList\",\"@id\":\"https:\/\/www.ecosens.ch\/publikationen\/fachhandbuch-oeffentliches-baurecht\/#breadcrumb\",\"itemListElement\":[{\"@type\":\"ListItem\",\"position\":1,\"name\":\"Startseite\",\"item\":\"https:\/\/www.ecosens.ch\/\"},{\"@type\":\"ListItem\",\"position\":2,\"name\":\"Publikationen\",\"item\":\"https:\/\/www.ecosens.ch\/publikationen\/\"},{\"@type\":\"ListItem\",\"position\":3,\"name\":\"Fachhandbuch \u00d6ffentliches Baurecht\"}]},{\"@type\":\"WebSite\",\"@id\":\"https:\/\/www.ecosens.ch\/#website\",\"url\":\"https:\/\/www.ecosens.ch\/\",\"name\":\"Ecosens AG\",\"description\":\"\",\"publisher\":{\"@id\":\"https:\/\/www.ecosens.ch\/#organization\"},\"potentialAction\":[{\"@type\":\"SearchAction\",\"target\":{\"@type\":\"EntryPoint\",\"urlTemplate\":\"https:\/\/www.ecosens.ch\/?s={search_term_string}\"},\"query-input\":{\"@type\":\"PropertyValueSpecification\",\"valueRequired\":true,\"valueName\":\"search_term_string\"}}],\"inLanguage\":\"fr-FR\"},{\"@type\":\"Organization\",\"@id\":\"https:\/\/www.ecosens.ch\/#organization\",\"name\":\"Ecosens AG\",\"url\":\"https:\/\/www.ecosens.ch\/\",\"logo\":{\"@type\":\"ImageObject\",\"inLanguage\":\"fr-FR\",\"@id\":\"https:\/\/www.ecosens.ch\/#\/schema\/logo\/image\/\",\"url\":\"https:\/\/www.ecosens.ch\/wp-content\/uploads\/2023\/01\/logo.svg\",\"contentUrl\":\"https:\/\/www.ecosens.ch\/wp-content\/uploads\/2023\/01\/logo.svg\",\"width\":226,\"height\":45,\"caption\":\"Ecosens AG\"},\"image\":{\"@id\":\"https:\/\/www.ecosens.ch\/#\/schema\/logo\/image\/\"}}]}<\/script>\n<!-- \/ Yoast SEO plugin. -->","yoast_head_json":{"title":"Manuel sp\u00e9cialis\u00e9 Droit public de la construction - Ecosens AG","robots":{"index":"index","follow":"follow","max-snippet":"max-snippet:-1","max-image-preview":"max-image-preview:large","max-video-preview":"max-video-preview:-1"},"canonical":"https:\/\/www.ecosens.ch\/fr\/publications\/manuel-technique-du-droit-public-de-la-construction\/","og_locale":"fr_FR","og_type":"article","og_title":"Fachhandbuch \u00d6ffentliches Baurecht - Ecosens AG","og_description":"Fachhandbuch \u00d6ffentliches Baurecht Buch bestellen Fachhandbuch aus dem Schulthess Verlag Endlich! Bisher war das Zusammenspiel von eidgen\u00f6ssischen, kantonalen und kommunalen Regelung bei der Realisierung von Bauprojekten auch f\u00fcr den Fachjuristen, Beh\u00f6rden, Planer, Architekten und andere Fachleute kaum nachvollziehbar. Dies hat sich mit dem Erscheinen des neuen Fachhandbuchs \u201e\u00d6ffentliches Baurecht\u201c aus dem Schulthess Verlag grundlegend ge\u00e4ndert. [&hellip;]","og_url":"https:\/\/www.ecosens.ch\/fr\/publications\/manuel-technique-du-droit-public-de-la-construction\/","og_site_name":"Ecosens AG","article_modified_time":"2023-11-23T10:32:47+00:00","og_image":[{"url":"https:\/\/www.ecosens.ch\/wp-content\/uploads\/2023\/11\/Buchumschlag.jpg","type":"","width":"","height":""}],"twitter_card":"summary_large_image","twitter_misc":{"Dur\u00e9e de lecture estim\u00e9e":"1 minute"},"schema":{"@context":"https:\/\/schema.org","@graph":[{"@type":"WebPage","@id":"https:\/\/www.ecosens.ch\/publikationen\/fachhandbuch-oeffentliches-baurecht\/","url":"https:\/\/www.ecosens.ch\/publikationen\/fachhandbuch-oeffentliches-baurecht\/","name":"Manuel sp\u00e9cialis\u00e9 Droit public de la construction - Ecosens AG","isPartOf":{"@id":"https:\/\/www.ecosens.ch\/#website"},"primaryImageOfPage":{"@id":"https:\/\/www.ecosens.ch\/publikationen\/fachhandbuch-oeffentliches-baurecht\/#primaryimage"},"image":{"@id":"https:\/\/www.ecosens.ch\/publikationen\/fachhandbuch-oeffentliches-baurecht\/#primaryimage"},"thumbnailUrl":"https:\/\/www.ecosens.ch\/wp-content\/uploads\/2023\/11\/Buchumschlag.jpg","datePublished":"2023-11-23T10:14:04+00:00","dateModified":"2023-11-23T10:32:47+00:00","breadcrumb":{"@id":"https:\/\/www.ecosens.ch\/publikationen\/fachhandbuch-oeffentliches-baurecht\/#breadcrumb"},"inLanguage":"fr-FR","potentialAction":[{"@type":"ReadAction","target":["https:\/\/www.ecosens.ch\/publikationen\/fachhandbuch-oeffentliches-baurecht\/"]}]},{"@type":"ImageObject","inLanguage":"fr-FR","@id":"https:\/\/www.ecosens.ch\/publikationen\/fachhandbuch-oeffentliches-baurecht\/#primaryimage","url":"https:\/\/www.ecosens.ch\/wp-content\/uploads\/2023\/11\/Buchumschlag.jpg","contentUrl":"https:\/\/www.ecosens.ch\/wp-content\/uploads\/2023\/11\/Buchumschlag.jpg"},{"@type":"BreadcrumbList","@id":"https:\/\/www.ecosens.ch\/publikationen\/fachhandbuch-oeffentliches-baurecht\/#breadcrumb","itemListElement":[{"@type":"ListItem","position":1,"name":"Startseite","item":"https:\/\/www.ecosens.ch\/"},{"@type":"ListItem","position":2,"name":"Publikationen","item":"https:\/\/www.ecosens.ch\/publikationen\/"},{"@type":"ListItem","position":3,"name":"Fachhandbuch \u00d6ffentliches Baurecht"}]},{"@type":"WebSite","@id":"https:\/\/www.ecosens.ch\/#website","url":"https:\/\/www.ecosens.ch\/","name":"Ecosens SA","description":"","publisher":{"@id":"https:\/\/www.ecosens.ch\/#organization"},"potentialAction":[{"@type":"SearchAction","target":{"@type":"EntryPoint","urlTemplate":"https:\/\/www.ecosens.ch\/?s={search_term_string}"},"query-input":{"@type":"PropertyValueSpecification","valueRequired":true,"valueName":"search_term_string"}}],"inLanguage":"fr-FR"},{"@type":"Organization","@id":"https:\/\/www.ecosens.ch\/#organization","name":"Ecosens SA","url":"https:\/\/www.ecosens.ch\/","logo":{"@type":"ImageObject","inLanguage":"fr-FR","@id":"https:\/\/www.ecosens.ch\/#\/schema\/logo\/image\/","url":"https:\/\/www.ecosens.ch\/wp-content\/uploads\/2023\/01\/logo.svg","contentUrl":"https:\/\/www.ecosens.ch\/wp-content\/uploads\/2023\/01\/logo.svg","width":226,"height":45,"caption":"Ecosens AG"},"image":{"@id":"https:\/\/www.ecosens.ch\/#\/schema\/logo\/image\/"}}]}},"_links":{"self":[{"href":"https:\/\/www.ecosens.ch\/fr\/wp-json\/wp\/v2\/pages\/8751","targetHints":{"allow":["GET"]}}],"collection":[{"href":"https:\/\/www.ecosens.ch\/fr\/wp-json\/wp\/v2\/pages"}],"about":[{"href":"https:\/\/www.ecosens.ch\/fr\/wp-json\/wp\/v2\/types\/page"}],"author":[{"embeddable":true,"href":"https:\/\/www.ecosens.ch\/fr\/wp-json\/wp\/v2\/users\/1"}],"replies":[{"embeddable":true,"href":"https:\/\/www.ecosens.ch\/fr\/wp-json\/wp\/v2\/comments?post=8751"}],"version-history":[{"count":5,"href":"https:\/\/www.ecosens.ch\/fr\/wp-json\/wp\/v2\/pages\/8751\/revisions"}],"predecessor-version":[{"id":8770,"href":"https:\/\/www.ecosens.ch\/fr\/wp-json\/wp\/v2\/pages\/8751\/revisions\/8770"}],"up":[{"embeddable":true,"href":"https:\/\/www.ecosens.ch\/fr\/wp-json\/wp\/v2\/pages\/8735"}],"wp:attachment":[{"href":"https:\/\/www.ecosens.ch\/fr\/wp-json\/wp\/v2\/media?parent=8751"}],"wp:term":[{"taxonomy":"folder","embeddable":true,"href":"https:\/\/www.ecosens.ch\/fr\/wp-json\/wp\/v2\/folder?post=8751"}],"curies":[{"name":"wp","href":"https:\/\/api.w.org\/{rel}","templated":true}]}}