{"id":1989,"date":"2023-04-26T10:07:16","date_gmt":"2023-04-26T08:07:16","guid":{"rendered":"https:\/\/ecosens.aretis-staging.ch\/?page_id=1989"},"modified":"2024-04-25T14:18:24","modified_gmt":"2024-04-25T12:18:24","slug":"mentions-legales","status":"publish","type":"page","link":"https:\/\/www.ecosens.ch\/fr\/mentions-legales\/","title":{"rendered":"Mentions l\u00e9gales"},"content":{"rendered":"<div data-elementor-type=\"wp-page\" data-elementor-id=\"1989\" class=\"elementor elementor-1989\" data-elementor-post-type=\"page\">\n\t\t\t\t\t\t<section class=\"elementor-section elementor-top-section elementor-element elementor-element-a3e1183 elementor-section-boxed elementor-section-height-default elementor-section-height-default\" data-id=\"a3e1183\" data-element_type=\"section\" data-settings=\"{&quot;background_background&quot;:&quot;classic&quot;}\">\n\t\t\t\t\t\t\t<div class=\"elementor-background-overlay\"><\/div>\n\t\t\t\t\t\t\t<div class=\"elementor-container elementor-column-gap-default\">\n\t\t\t\t\t<div class=\"elementor-column elementor-col-100 elementor-top-column elementor-element elementor-element-d271dbb elementor-invisible\" data-id=\"d271dbb\" data-element_type=\"column\" data-settings=\"{&quot;animation&quot;:&quot;fadeInDown&quot;}\">\n\t\t\t<div class=\"elementor-widget-wrap elementor-element-populated\">\n\t\t\t\t\t\t<div class=\"elementor-element elementor-element-362b884 elementor-widget elementor-widget-heading\" data-id=\"362b884\" data-element_type=\"widget\" data-widget_type=\"heading.default\">\n\t\t\t\t<div class=\"elementor-widget-container\">\n\t\t\t\t\t<h1 class=\"elementor-heading-title elementor-size-default\">Mentions l\u00e9gales<\/h1>\t\t\t\t<\/div>\n\t\t\t\t<\/div>\n\t\t\t\t<div class=\"elementor-element elementor-element-6bf83fb elementor-widget elementor-widget-heading\" data-id=\"6bf83fb\" data-element_type=\"widget\" data-widget_type=\"heading.default\">\n\t\t\t\t<div class=\"elementor-widget-container\">\n\t\t\t\t\t<h4 class=\"elementor-heading-title elementor-size-default\">Ecosens SA<\/h4>\t\t\t\t<\/div>\n\t\t\t\t<\/div>\n\t\t\t\t<div class=\"elementor-element elementor-element-16f662c elementor-widget-divider--view-line elementor-widget elementor-widget-divider\" data-id=\"16f662c\" data-element_type=\"widget\" data-widget_type=\"divider.default\">\n\t\t\t\t<div class=\"elementor-widget-container\">\n\t\t\t\t\t\t\t<div class=\"elementor-divider\">\n\t\t\t<span class=\"elementor-divider-separator\">\n\t\t\t\t\t\t<\/span>\n\t\t<\/div>\n\t\t\t\t\t\t<\/div>\n\t\t\t\t<\/div>\n\t\t\t\t\t<\/div>\n\t\t<\/div>\n\t\t\t\t\t<\/div>\n\t\t<\/section>\n\t\t\t\t<section class=\"elementor-section elementor-top-section elementor-element elementor-element-d757d2f elementor-section-boxed elementor-section-height-default elementor-section-height-default\" data-id=\"d757d2f\" data-element_type=\"section\" data-settings=\"{&quot;background_background&quot;:&quot;classic&quot;}\">\n\t\t\t\t\t\t<div class=\"elementor-container elementor-column-gap-default\">\n\t\t\t\t\t<div class=\"elementor-column elementor-col-100 elementor-top-column elementor-element elementor-element-348d354\" data-id=\"348d354\" data-element_type=\"column\">\n\t\t\t<div class=\"elementor-widget-wrap elementor-element-populated\">\n\t\t\t\t\t\t<section class=\"elementor-section elementor-inner-section elementor-element elementor-element-9e74064 elementor-section-boxed elementor-section-height-default elementor-section-height-default\" data-id=\"9e74064\" data-element_type=\"section\">\n\t\t\t\t\t\t<div class=\"elementor-container elementor-column-gap-default\">\n\t\t\t\t\t<div class=\"elementor-column elementor-col-50 elementor-inner-column elementor-element elementor-element-813ee97\" data-id=\"813ee97\" data-element_type=\"column\">\n\t\t\t<div class=\"elementor-widget-wrap elementor-element-populated\">\n\t\t\t\t\t\t<div class=\"elementor-element elementor-element-2deecc3 elementor-widget elementor-widget-text-editor\" data-id=\"2deecc3\" data-element_type=\"widget\" data-widget_type=\"text-editor.default\">\n\t\t\t\t<div class=\"elementor-widget-container\">\n\t\t\t\t\t\t\t\t\t<h4>Adresse de contact<\/h4><p><strong>Ecosens SA<\/strong><br \/>Hammerweg 1<br \/>8304 Wallisellen<\/p><p>41 44 537 09 09<br \/><a href=\"mailto:ecosens@ecosens.ch\">ecosens@ecosens.ch<\/a><\/p><h4>Personnes autoris\u00e9es \u00e0 repr\u00e9senter l'association<\/h4><p>Stefan Fuchs<\/p><h4>Inscription au registre du commerce<\/h4><p>N\u00b0 de registre du commerce : CHE-106.545.304 TVA<\/p><h4>R\u00e9alisation web<\/h4><p>Conseil, conception technique, design, programmation et h\u00e9bergement de ce site web :<\/p><p>aretis\u00ae Agence web<br \/>6, rue Morgarten<br \/>8004 Zurich<br \/>aretis\u00ae Agence web &amp; design web<\/p>\t\t\t\t\t\t\t\t<\/div>\n\t\t\t\t<\/div>\n\t\t\t\t\t<\/div>\n\t\t<\/div>\n\t\t\t\t<div class=\"elementor-column elementor-col-50 elementor-inner-column elementor-element elementor-element-c23bb7a\" data-id=\"c23bb7a\" data-element_type=\"column\">\n\t\t\t<div class=\"elementor-widget-wrap elementor-element-populated\">\n\t\t\t\t\t\t<div class=\"elementor-element elementor-element-6035d20 elementor-widget elementor-widget-text-editor\" data-id=\"6035d20\" data-element_type=\"widget\" data-widget_type=\"text-editor.default\">\n\t\t\t\t<div class=\"elementor-widget-container\">\n\t\t\t\t\t\t\t\t\t<h4>Clause de non-responsabilit\u00e9<\/h4><p>L'auteur n'assume aucune responsabilit\u00e9 quant \u00e0 l'exactitude, la pr\u00e9cision, l'actualit\u00e9, la fiabilit\u00e9 et l'exhaustivit\u00e9 du contenu des informations. L'auteur ne saurait \u00eatre tenu pour responsable des dommages mat\u00e9riels ou immat\u00e9riels qui pourraient \u00eatre caus\u00e9s par l'acc\u00e8s aux informations diffus\u00e9es ou par leur utilisation ou non-utilisation, par le mauvais usage de la connexion ou par des probl\u00e8mes techniques. Toutes les offres sont sans engagement. L'auteur se r\u00e9serve express\u00e9ment le droit de modifier, de compl\u00e9ter ou de supprimer des parties de pages ou l'ensemble de l'offre sans avis pr\u00e9alable, ou d'en suspendre temporairement ou d\u00e9finitivement la publication.<\/p><h4>Responsabilit\u00e9 pour les liens<\/h4><p>Les renvois et liens vers des sites web de tiers ne rel\u00e8vent pas de notre responsabilit\u00e9. Nous d\u00e9clinons toute responsabilit\u00e9 pour de tels sites web. L'acc\u00e8s \u00e0 de tels sites et leur utilisation se font aux risques et p\u00e9rils de l'utilisateur ou de l'utilisatrice.<\/p><h4>Droits d'auteur<\/h4><p>Les droits d'auteur et tous les autres droits li\u00e9s aux contenus, images, photos ou autres fichiers pr\u00e9sents sur le site Internet sont la propri\u00e9t\u00e9 exclusive d'Ecosens SA ou des titulaires de droits sp\u00e9cialement cit\u00e9s. Pour la reproduction de tout \u00e9l\u00e9ment, l'accord \u00e9crit des d\u00e9tenteurs des droits d'auteur doit \u00eatre obtenu au pr\u00e9alable.<\/p><h4>Protection des donn\u00e9es<\/h4><p>Ecosens SA respecte la loi actuelle sur la protection des donn\u00e9es. Veuillez consulter notre <a href=\"https:\/\/www.ecosens.ch\/fr\/protection-des-donnees\/\">Politique de confidentialit\u00e9 -&gt;<\/a><\/p>\t\t\t\t\t\t\t\t<\/div>\n\t\t\t\t<\/div>\n\t\t\t\t\t<\/div>\n\t\t<\/div>\n\t\t\t\t\t<\/div>\n\t\t<\/section>\n\t\t\t\t\t<\/div>\n\t\t<\/div>\n\t\t\t\t\t<\/div>\n\t\t<\/section>\n\t\t\t\t<\/div>","protected":false},"excerpt":{"rendered":"<p>Impressum Ecosens AG Adresse de contact Ecosens AGHammerweg 18304 Wallisellen T\u00e9l. +41 44 537 09 09ecosens@ecosens.ch Personnes habilit\u00e9es \u00e0 repr\u00e9senter la soci\u00e9t\u00e9 Stefan Fuchs Inscription au registre du commerce N\u00b0 de registre du commerce : CHE-106.545.304 TVA R\u00e9alisation du site Internet Conseil, concept technique, design, programmation et h\u00e9bergement de ce site Internet : aretis\u00ae WebagenturMorgartenstrasse 68004 Zuricharetis\u00ae Webagentur &amp; Webdesign Exclusion de responsabilit\u00e9 L'auteur n'assume aucune garantie quant \u00e0 la v\u00e9racit\u00e9, l'exactitude, l'actualit\u00e9, la fiabilit\u00e9 et l'exhaustivit\u00e9 des [...].<\/p>","protected":false},"author":1,"featured_media":0,"parent":0,"menu_order":9,"comment_status":"closed","ping_status":"closed","template":"","meta":{"_acf_changed":false,"footnotes":""},"folder":[],"class_list":["post-1989","page","type-page","status-publish","hentry"],"acf":[],"yoast_head":"<!-- This site is optimized with the Yoast SEO plugin v26.8 - https:\/\/yoast.com\/product\/yoast-seo-wordpress\/ -->\n<title>Impressum - Ecosens AG<\/title>\n<meta name=\"robots\" content=\"index, follow, max-snippet:-1, max-image-preview:large, max-video-preview:-1\" \/>\n<link rel=\"canonical\" href=\"https:\/\/www.ecosens.ch\/fr\/mentions-legales\/\" \/>\n<meta property=\"og:locale\" content=\"fr_FR\" \/>\n<meta property=\"og:type\" content=\"article\" \/>\n<meta property=\"og:title\" content=\"Impressum - Ecosens AG\" \/>\n<meta property=\"og:description\" content=\"Impressum Ecosens AG Kontaktadresse Ecosens AGHammerweg 18304 Wallisellen Tel. +41 44 537 09 09ecosens@ecosens.ch Vertretungsberechtigte Personen Stefan Fuchs Handelsregistereintrag Handelsregister-Nr.: CHE-106.545.304 MWST Webrealisation Beratung, technisches Konzept, Design, Programmierung und Hosting dieser Website: aretis\u00ae WebagenturMorgartenstrasse 68004 Z\u00fcricharetis\u00ae Webagentur &amp; Webdesign Haftungsausschluss Der Autor \u00fcbernimmt keinerlei Gew\u00e4hr hinsichtlich der inhaltlichen Richtigkeit, Genauigkeit, Aktualit\u00e4t, Zuverl\u00e4ssigkeit und Vollst\u00e4ndigkeit der [&hellip;]\" \/>\n<meta property=\"og:url\" content=\"https:\/\/www.ecosens.ch\/fr\/mentions-legales\/\" \/>\n<meta property=\"og:site_name\" content=\"Ecosens AG\" \/>\n<meta property=\"article:modified_time\" content=\"2024-04-25T12:18:24+00:00\" \/>\n<meta name=\"twitter:card\" content=\"summary_large_image\" \/>\n<meta name=\"twitter:label1\" content=\"Dur\u00e9e de lecture estim\u00e9e\" \/>\n\t<meta name=\"twitter:data1\" content=\"1 minute\" \/>\n<script type=\"application\/ld+json\" class=\"yoast-schema-graph\">{\"@context\":\"https:\/\/schema.org\",\"@graph\":[{\"@type\":\"WebPage\",\"@id\":\"https:\/\/www.ecosens.ch\/impressum\/\",\"url\":\"https:\/\/www.ecosens.ch\/impressum\/\",\"name\":\"Impressum - Ecosens AG\",\"isPartOf\":{\"@id\":\"https:\/\/www.ecosens.ch\/#website\"},\"datePublished\":\"2023-04-26T08:07:16+00:00\",\"dateModified\":\"2024-04-25T12:18:24+00:00\",\"breadcrumb\":{\"@id\":\"https:\/\/www.ecosens.ch\/impressum\/#breadcrumb\"},\"inLanguage\":\"fr-FR\",\"potentialAction\":[{\"@type\":\"ReadAction\",\"target\":[\"https:\/\/www.ecosens.ch\/impressum\/\"]}]},{\"@type\":\"BreadcrumbList\",\"@id\":\"https:\/\/www.ecosens.ch\/impressum\/#breadcrumb\",\"itemListElement\":[{\"@type\":\"ListItem\",\"position\":1,\"name\":\"Startseite\",\"item\":\"https:\/\/www.ecosens.ch\/\"},{\"@type\":\"ListItem\",\"position\":2,\"name\":\"Impressum\"}]},{\"@type\":\"WebSite\",\"@id\":\"https:\/\/www.ecosens.ch\/#website\",\"url\":\"https:\/\/www.ecosens.ch\/\",\"name\":\"Ecosens AG\",\"description\":\"\",\"publisher\":{\"@id\":\"https:\/\/www.ecosens.ch\/#organization\"},\"potentialAction\":[{\"@type\":\"SearchAction\",\"target\":{\"@type\":\"EntryPoint\",\"urlTemplate\":\"https:\/\/www.ecosens.ch\/?s={search_term_string}\"},\"query-input\":{\"@type\":\"PropertyValueSpecification\",\"valueRequired\":true,\"valueName\":\"search_term_string\"}}],\"inLanguage\":\"fr-FR\"},{\"@type\":\"Organization\",\"@id\":\"https:\/\/www.ecosens.ch\/#organization\",\"name\":\"Ecosens AG\",\"url\":\"https:\/\/www.ecosens.ch\/\",\"logo\":{\"@type\":\"ImageObject\",\"inLanguage\":\"fr-FR\",\"@id\":\"https:\/\/www.ecosens.ch\/#\/schema\/logo\/image\/\",\"url\":\"https:\/\/www.ecosens.ch\/wp-content\/uploads\/2023\/01\/logo.svg\",\"contentUrl\":\"https:\/\/www.ecosens.ch\/wp-content\/uploads\/2023\/01\/logo.svg\",\"width\":226,\"height\":45,\"caption\":\"Ecosens AG\"},\"image\":{\"@id\":\"https:\/\/www.ecosens.ch\/#\/schema\/logo\/image\/\"}}]}<\/script>\n<!-- \/ Yoast SEO plugin. -->","yoast_head_json":{"title":"Mentions l\u00e9gales - Ecosens AG","robots":{"index":"index","follow":"follow","max-snippet":"max-snippet:-1","max-image-preview":"max-image-preview:large","max-video-preview":"max-video-preview:-1"},"canonical":"https:\/\/www.ecosens.ch\/fr\/mentions-legales\/","og_locale":"fr_FR","og_type":"article","og_title":"Impressum - Ecosens AG","og_description":"Impressum Ecosens AG Kontaktadresse Ecosens AGHammerweg 18304 Wallisellen Tel. +41 44 537 09 09ecosens@ecosens.ch Vertretungsberechtigte Personen Stefan Fuchs Handelsregistereintrag Handelsregister-Nr.: CHE-106.545.304 MWST Webrealisation Beratung, technisches Konzept, Design, Programmierung und Hosting dieser Website: aretis\u00ae WebagenturMorgartenstrasse 68004 Z\u00fcricharetis\u00ae Webagentur &amp; Webdesign Haftungsausschluss Der Autor \u00fcbernimmt keinerlei Gew\u00e4hr hinsichtlich der inhaltlichen Richtigkeit, Genauigkeit, Aktualit\u00e4t, Zuverl\u00e4ssigkeit und Vollst\u00e4ndigkeit der [&hellip;]","og_url":"https:\/\/www.ecosens.ch\/fr\/mentions-legales\/","og_site_name":"Ecosens AG","article_modified_time":"2024-04-25T12:18:24+00:00","twitter_card":"summary_large_image","twitter_misc":{"Dur\u00e9e de lecture estim\u00e9e":"1 minute"},"schema":{"@context":"https:\/\/schema.org","@graph":[{"@type":"WebPage","@id":"https:\/\/www.ecosens.ch\/impressum\/","url":"https:\/\/www.ecosens.ch\/impressum\/","name":"Mentions l\u00e9gales - Ecosens AG","isPartOf":{"@id":"https:\/\/www.ecosens.ch\/#website"},"datePublished":"2023-04-26T08:07:16+00:00","dateModified":"2024-04-25T12:18:24+00:00","breadcrumb":{"@id":"https:\/\/www.ecosens.ch\/impressum\/#breadcrumb"},"inLanguage":"fr-FR","potentialAction":[{"@type":"ReadAction","target":["https:\/\/www.ecosens.ch\/impressum\/"]}]},{"@type":"BreadcrumbList","@id":"https:\/\/www.ecosens.ch\/impressum\/#breadcrumb","itemListElement":[{"@type":"ListItem","position":1,"name":"Startseite","item":"https:\/\/www.ecosens.ch\/"},{"@type":"ListItem","position":2,"name":"Impressum"}]},{"@type":"WebSite","@id":"https:\/\/www.ecosens.ch\/#website","url":"https:\/\/www.ecosens.ch\/","name":"Ecosens SA","description":"","publisher":{"@id":"https:\/\/www.ecosens.ch\/#organization"},"potentialAction":[{"@type":"SearchAction","target":{"@type":"EntryPoint","urlTemplate":"https:\/\/www.ecosens.ch\/?s={search_term_string}"},"query-input":{"@type":"PropertyValueSpecification","valueRequired":true,"valueName":"search_term_string"}}],"inLanguage":"fr-FR"},{"@type":"Organization","@id":"https:\/\/www.ecosens.ch\/#organization","name":"Ecosens SA","url":"https:\/\/www.ecosens.ch\/","logo":{"@type":"ImageObject","inLanguage":"fr-FR","@id":"https:\/\/www.ecosens.ch\/#\/schema\/logo\/image\/","url":"https:\/\/www.ecosens.ch\/wp-content\/uploads\/2023\/01\/logo.svg","contentUrl":"https:\/\/www.ecosens.ch\/wp-content\/uploads\/2023\/01\/logo.svg","width":226,"height":45,"caption":"Ecosens AG"},"image":{"@id":"https:\/\/www.ecosens.ch\/#\/schema\/logo\/image\/"}}]}},"_links":{"self":[{"href":"https:\/\/www.ecosens.ch\/fr\/wp-json\/wp\/v2\/pages\/1989","targetHints":{"allow":["GET"]}}],"collection":[{"href":"https:\/\/www.ecosens.ch\/fr\/wp-json\/wp\/v2\/pages"}],"about":[{"href":"https:\/\/www.ecosens.ch\/fr\/wp-json\/wp\/v2\/types\/page"}],"author":[{"embeddable":true,"href":"https:\/\/www.ecosens.ch\/fr\/wp-json\/wp\/v2\/users\/1"}],"replies":[{"embeddable":true,"href":"https:\/\/www.ecosens.ch\/fr\/wp-json\/wp\/v2\/comments?post=1989"}],"version-history":[{"count":10,"href":"https:\/\/www.ecosens.ch\/fr\/wp-json\/wp\/v2\/pages\/1989\/revisions"}],"predecessor-version":[{"id":9289,"href":"https:\/\/www.ecosens.ch\/fr\/wp-json\/wp\/v2\/pages\/1989\/revisions\/9289"}],"wp:attachment":[{"href":"https:\/\/www.ecosens.ch\/fr\/wp-json\/wp\/v2\/media?parent=1989"}],"wp:term":[{"taxonomy":"folder","embeddable":true,"href":"https:\/\/www.ecosens.ch\/fr\/wp-json\/wp\/v2\/folder?post=1989"}],"curies":[{"name":"wp","href":"https:\/\/api.w.org\/{rel}","templated":true}]}}