{"id":8751,"date":"2023-11-23T11:14:04","date_gmt":"2023-11-23T10:14:04","guid":{"rendered":"https:\/\/ecosens.aretis-staging.ch\/?page_id=8751"},"modified":"2023-11-23T11:32:47","modified_gmt":"2023-11-23T10:32:47","slug":"specialist-manual-on-public-building-law","status":"publish","type":"page","link":"https:\/\/www.ecosens.ch\/en\/publications\/specialist-manual-on-public-building-law\/","title":{"rendered":"Specialist handbook on public building law"},"content":{"rendered":"<div data-elementor-type=\"wp-page\" data-elementor-id=\"8751\" class=\"elementor elementor-8751\" data-elementor-post-type=\"page\">\n\t\t\t\t\t\t<section class=\"elementor-section elementor-top-section elementor-element elementor-element-9e156ff elementor-section-boxed elementor-section-height-default elementor-section-height-default\" data-id=\"9e156ff\" data-element_type=\"section\" data-settings=\"{&quot;background_background&quot;:&quot;classic&quot;}\">\n\t\t\t\t\t\t\t<div class=\"elementor-background-overlay\"><\/div>\n\t\t\t\t\t\t\t<div class=\"elementor-container elementor-column-gap-default\">\n\t\t\t\t\t<div class=\"elementor-column elementor-col-100 elementor-top-column elementor-element elementor-element-52b9ba8 elementor-invisible\" data-id=\"52b9ba8\" data-element_type=\"column\" data-settings=\"{&quot;animation&quot;:&quot;fadeInDown&quot;}\">\n\t\t\t<div class=\"elementor-widget-wrap elementor-element-populated\">\n\t\t\t\t\t\t<div class=\"elementor-element elementor-element-ae7996e elementor-widget elementor-widget-heading\" data-id=\"ae7996e\" data-element_type=\"widget\" data-widget_type=\"heading.default\">\n\t\t\t\t<div class=\"elementor-widget-container\">\n\t\t\t\t\t<h1 class=\"elementor-heading-title elementor-size-default\">Specialist manual <\/h1>\t\t\t\t<\/div>\n\t\t\t\t<\/div>\n\t\t\t\t<div class=\"elementor-element elementor-element-967c6cc elementor-widget elementor-widget-heading\" data-id=\"967c6cc\" data-element_type=\"widget\" data-widget_type=\"heading.default\">\n\t\t\t\t<div class=\"elementor-widget-container\">\n\t\t\t\t\t<h4 class=\"elementor-heading-title elementor-size-default\">Public building law<\/h4>\t\t\t\t<\/div>\n\t\t\t\t<\/div>\n\t\t\t\t<div class=\"elementor-element elementor-element-7361a52 elementor-widget-divider--view-line elementor-widget elementor-widget-divider\" data-id=\"7361a52\" data-element_type=\"widget\" data-widget_type=\"divider.default\">\n\t\t\t\t<div class=\"elementor-widget-container\">\n\t\t\t\t\t\t\t<div class=\"elementor-divider\">\n\t\t\t<span class=\"elementor-divider-separator\">\n\t\t\t\t\t\t<\/span>\n\t\t<\/div>\n\t\t\t\t\t\t<\/div>\n\t\t\t\t<\/div>\n\t\t\t\t\t<\/div>\n\t\t<\/div>\n\t\t\t\t\t<\/div>\n\t\t<\/section>\n\t\t\t\t<section class=\"elementor-section elementor-top-section elementor-element elementor-element-4441dc6 elementor-section-content-middle elementor-section-boxed elementor-section-height-default elementor-section-height-default\" data-id=\"4441dc6\" data-element_type=\"section\">\n\t\t\t\t\t\t<div class=\"elementor-container elementor-column-gap-default\">\n\t\t\t\t\t<div class=\"elementor-column elementor-col-50 elementor-top-column elementor-element elementor-element-b32519d\" data-id=\"b32519d\" data-element_type=\"column\" data-settings=\"{&quot;background_background&quot;:&quot;classic&quot;}\">\n\t\t\t<div class=\"elementor-widget-wrap elementor-element-populated\">\n\t\t\t\t\t\t<div class=\"elementor-element elementor-element-a42d5fc elementor-view-default elementor-widget elementor-widget-icon\" data-id=\"a42d5fc\" data-element_type=\"widget\" data-settings=\"{&quot;_animation&quot;:&quot;none&quot;}\" data-widget_type=\"icon.default\">\n\t\t\t\t<div class=\"elementor-widget-container\">\n\t\t\t\t\t\t\t<div class=\"elementor-icon-wrapper\">\n\t\t\t<div class=\"elementor-icon\">\n\t\t\t<i aria-hidden=\"true\" class=\"jki jki-open-book1-light\"><\/i>\t\t\t<\/div>\n\t\t<\/div>\n\t\t\t\t\t\t<\/div>\n\t\t\t\t<\/div>\n\t\t\t\t<div class=\"elementor-element elementor-element-51a6ea3 elementor-widget elementor-widget-image\" data-id=\"51a6ea3\" data-element_type=\"widget\" data-widget_type=\"image.default\">\n\t\t\t\t<div class=\"elementor-widget-container\">\n\t\t\t\t\t\t\t\t\t\t\t\t\t\t\t<img fetchpriority=\"high\" decoding=\"async\" width=\"200\" height=\"283\" src=\"https:\/\/www.ecosens.ch\/wp-content\/uploads\/2023\/11\/Buchumschlag.jpg\" class=\"attachment-full size-full wp-image-8767\" alt=\"\" srcset=\"https:\/\/www.ecosens.ch\/wp-content\/uploads\/2023\/11\/Buchumschlag.jpg 200w, https:\/\/www.ecosens.ch\/wp-content\/uploads\/2023\/11\/Buchumschlag-8x12.jpg 8w\" sizes=\"(max-width: 200px) 100vw, 200px\" \/>\t\t\t\t\t\t\t\t\t\t\t\t\t\t\t<\/div>\n\t\t\t\t<\/div>\n\t\t\t\t<div class=\"elementor-element elementor-element-87f3e87 elementor-align-center elementor-widget elementor-widget-button\" data-id=\"87f3e87\" data-element_type=\"widget\" data-widget_type=\"button.default\">\n\t\t\t\t<div class=\"elementor-widget-container\">\n\t\t\t\t\t\t\t\t\t<div class=\"elementor-button-wrapper\">\n\t\t\t\t\t<a class=\"elementor-button elementor-button-link elementor-size-sm\" href=\"https:\/\/www.schulthess.com\/buchshop\/detail\/ISBN-9783725570706\/Griffel-Alain-Hrsg.-Liniger-Hans-Ulrich-Hrsg.-Rausch-Heribert-Hrsg.-Thurnherr-Daniela-Hrsg.\/Fachhandbuch-Oeffentliches-Baurechthttps\" target=\"_blank\">\n\t\t\t\t\t\t<span class=\"elementor-button-content-wrapper\">\n\t\t\t\t\t\t\t\t\t<span class=\"elementor-button-text\">Order book<\/span>\n\t\t\t\t\t<\/span>\n\t\t\t\t\t<\/a>\n\t\t\t\t<\/div>\n\t\t\t\t\t\t\t\t<\/div>\n\t\t\t\t<\/div>\n\t\t\t\t\t<\/div>\n\t\t<\/div>\n\t\t\t\t<div class=\"elementor-column elementor-col-50 elementor-top-column elementor-element elementor-element-bbac6b8\" data-id=\"bbac6b8\" data-element_type=\"column\">\n\t\t\t<div class=\"elementor-widget-wrap elementor-element-populated\">\n\t\t\t\t\t\t<div class=\"elementor-element elementor-element-0407a7c elementor-widget elementor-widget-heading\" data-id=\"0407a7c\" data-element_type=\"widget\" data-widget_type=\"heading.default\">\n\t\t\t\t<div class=\"elementor-widget-container\">\n\t\t\t\t\t<h3 class=\"elementor-heading-title elementor-size-default\">Specialist manual from Schulthess Verlag<\/h3>\t\t\t\t<\/div>\n\t\t\t\t<\/div>\n\t\t\t\t<div class=\"elementor-element elementor-element-8e81e76 elementor-widget-divider--view-line elementor-widget elementor-widget-divider\" data-id=\"8e81e76\" data-element_type=\"widget\" data-widget_type=\"divider.default\">\n\t\t\t\t<div class=\"elementor-widget-container\">\n\t\t\t\t\t\t\t<div class=\"elementor-divider\">\n\t\t\t<span class=\"elementor-divider-separator\">\n\t\t\t\t\t\t<\/span>\n\t\t<\/div>\n\t\t\t\t\t\t<\/div>\n\t\t\t\t<\/div>\n\t\t\t\t<div class=\"elementor-element elementor-element-8ffdeb7 elementor-widget elementor-widget-text-editor\" data-id=\"8ffdeb7\" data-element_type=\"widget\" data-widget_type=\"text-editor.default\">\n\t\t\t\t<div class=\"elementor-widget-container\">\n\t\t\t\t\t\t\t\t\t<p>At last! Until now, the interplay of federal, cantonal and communal regulations in the realization of construction projects was hardly comprehensible even for specialist lawyers, authorities, planners, architects and other experts. This has changed fundamentally with the publication of the new specialist handbook \"\u00d6ffentliches Baurecht\" (Public Building Law) from Schulthess Verlag.<\/p><p>The new specialist handbook provides practitioners with a systematic overview and leaves no questions unanswered. Anyone involved in construction projects of any kind will not be able to avoid it. With Hans U. Liniger as editor and Curdin Conrad, Lorenz Lehmann and Heinz Rothweiler as authors, Ecosens AG was able to make a notable contribution to the success of this specialist handbook.<\/p><p>We are proud that the expertise of our employees is made accessible to a large circle of specialists in the construction and real estate industry at this high level.<\/p>\t\t\t\t\t\t\t\t<\/div>\n\t\t\t\t<\/div>\n\t\t\t\t\t<\/div>\n\t\t<\/div>\n\t\t\t\t\t<\/div>\n\t\t<\/section>\n\t\t\t\t<\/div>","protected":false},"excerpt":{"rendered":"<p>Specialist handbook on public building law Order book Specialist handbook from Schulthess Verlag At last! Until now, the interplay of federal, cantonal and communal regulations in the realization of construction projects was hardly comprehensible even for specialist lawyers, authorities, planners, architects and other experts. This has changed fundamentally with the publication of the new specialist handbook \"\u00d6ffentliches Baurecht\" (Public Building Law) from Schulthess Verlag. [...]<\/p>","protected":false},"author":1,"featured_media":0,"parent":8735,"menu_order":1,"comment_status":"closed","ping_status":"closed","template":"","meta":{"_acf_changed":false,"footnotes":""},"folder":[],"class_list":["post-8751","page","type-page","status-publish","hentry"],"acf":[],"yoast_head":"<!-- This site is optimized with the Yoast SEO plugin v26.8 - https:\/\/yoast.com\/product\/yoast-seo-wordpress\/ -->\n<title>Fachhandbuch \u00d6ffentliches Baurecht - Ecosens AG<\/title>\n<meta name=\"robots\" content=\"index, follow, max-snippet:-1, max-image-preview:large, max-video-preview:-1\" \/>\n<link rel=\"canonical\" href=\"https:\/\/www.ecosens.ch\/en\/publications\/specialist-manual-on-public-building-law\/\" \/>\n<meta property=\"og:locale\" content=\"en_US\" \/>\n<meta property=\"og:type\" content=\"article\" \/>\n<meta property=\"og:title\" content=\"Fachhandbuch \u00d6ffentliches Baurecht - Ecosens AG\" \/>\n<meta property=\"og:description\" content=\"Fachhandbuch \u00d6ffentliches Baurecht Buch bestellen Fachhandbuch aus dem Schulthess Verlag Endlich! Bisher war das Zusammenspiel von eidgen\u00f6ssischen, kantonalen und kommunalen Regelung bei der Realisierung von Bauprojekten auch f\u00fcr den Fachjuristen, Beh\u00f6rden, Planer, Architekten und andere Fachleute kaum nachvollziehbar. Dies hat sich mit dem Erscheinen des neuen Fachhandbuchs \u201e\u00d6ffentliches Baurecht\u201c aus dem Schulthess Verlag grundlegend ge\u00e4ndert. [&hellip;]\" \/>\n<meta property=\"og:url\" content=\"https:\/\/www.ecosens.ch\/en\/publications\/specialist-manual-on-public-building-law\/\" \/>\n<meta property=\"og:site_name\" content=\"Ecosens AG\" \/>\n<meta property=\"article:modified_time\" content=\"2023-11-23T10:32:47+00:00\" \/>\n<meta property=\"og:image\" content=\"https:\/\/www.ecosens.ch\/wp-content\/uploads\/2023\/11\/Buchumschlag.jpg\" \/>\n<meta name=\"twitter:card\" content=\"summary_large_image\" \/>\n<meta name=\"twitter:label1\" content=\"Est. reading time\" \/>\n\t<meta name=\"twitter:data1\" content=\"1 minute\" \/>\n<script type=\"application\/ld+json\" class=\"yoast-schema-graph\">{\"@context\":\"https:\/\/schema.org\",\"@graph\":[{\"@type\":\"WebPage\",\"@id\":\"https:\/\/www.ecosens.ch\/publikationen\/fachhandbuch-oeffentliches-baurecht\/\",\"url\":\"https:\/\/www.ecosens.ch\/publikationen\/fachhandbuch-oeffentliches-baurecht\/\",\"name\":\"Fachhandbuch \u00d6ffentliches Baurecht - Ecosens AG\",\"isPartOf\":{\"@id\":\"https:\/\/www.ecosens.ch\/#website\"},\"primaryImageOfPage\":{\"@id\":\"https:\/\/www.ecosens.ch\/publikationen\/fachhandbuch-oeffentliches-baurecht\/#primaryimage\"},\"image\":{\"@id\":\"https:\/\/www.ecosens.ch\/publikationen\/fachhandbuch-oeffentliches-baurecht\/#primaryimage\"},\"thumbnailUrl\":\"https:\/\/www.ecosens.ch\/wp-content\/uploads\/2023\/11\/Buchumschlag.jpg\",\"datePublished\":\"2023-11-23T10:14:04+00:00\",\"dateModified\":\"2023-11-23T10:32:47+00:00\",\"breadcrumb\":{\"@id\":\"https:\/\/www.ecosens.ch\/publikationen\/fachhandbuch-oeffentliches-baurecht\/#breadcrumb\"},\"inLanguage\":\"en-US\",\"potentialAction\":[{\"@type\":\"ReadAction\",\"target\":[\"https:\/\/www.ecosens.ch\/publikationen\/fachhandbuch-oeffentliches-baurecht\/\"]}]},{\"@type\":\"ImageObject\",\"inLanguage\":\"en-US\",\"@id\":\"https:\/\/www.ecosens.ch\/publikationen\/fachhandbuch-oeffentliches-baurecht\/#primaryimage\",\"url\":\"https:\/\/www.ecosens.ch\/wp-content\/uploads\/2023\/11\/Buchumschlag.jpg\",\"contentUrl\":\"https:\/\/www.ecosens.ch\/wp-content\/uploads\/2023\/11\/Buchumschlag.jpg\"},{\"@type\":\"BreadcrumbList\",\"@id\":\"https:\/\/www.ecosens.ch\/publikationen\/fachhandbuch-oeffentliches-baurecht\/#breadcrumb\",\"itemListElement\":[{\"@type\":\"ListItem\",\"position\":1,\"name\":\"Startseite\",\"item\":\"https:\/\/www.ecosens.ch\/\"},{\"@type\":\"ListItem\",\"position\":2,\"name\":\"Publikationen\",\"item\":\"https:\/\/www.ecosens.ch\/publikationen\/\"},{\"@type\":\"ListItem\",\"position\":3,\"name\":\"Fachhandbuch \u00d6ffentliches Baurecht\"}]},{\"@type\":\"WebSite\",\"@id\":\"https:\/\/www.ecosens.ch\/#website\",\"url\":\"https:\/\/www.ecosens.ch\/\",\"name\":\"Ecosens AG\",\"description\":\"\",\"publisher\":{\"@id\":\"https:\/\/www.ecosens.ch\/#organization\"},\"potentialAction\":[{\"@type\":\"SearchAction\",\"target\":{\"@type\":\"EntryPoint\",\"urlTemplate\":\"https:\/\/www.ecosens.ch\/?s={search_term_string}\"},\"query-input\":{\"@type\":\"PropertyValueSpecification\",\"valueRequired\":true,\"valueName\":\"search_term_string\"}}],\"inLanguage\":\"en-US\"},{\"@type\":\"Organization\",\"@id\":\"https:\/\/www.ecosens.ch\/#organization\",\"name\":\"Ecosens AG\",\"url\":\"https:\/\/www.ecosens.ch\/\",\"logo\":{\"@type\":\"ImageObject\",\"inLanguage\":\"en-US\",\"@id\":\"https:\/\/www.ecosens.ch\/#\/schema\/logo\/image\/\",\"url\":\"https:\/\/www.ecosens.ch\/wp-content\/uploads\/2023\/01\/logo.svg\",\"contentUrl\":\"https:\/\/www.ecosens.ch\/wp-content\/uploads\/2023\/01\/logo.svg\",\"width\":226,\"height\":45,\"caption\":\"Ecosens AG\"},\"image\":{\"@id\":\"https:\/\/www.ecosens.ch\/#\/schema\/logo\/image\/\"}}]}<\/script>\n<!-- \/ Yoast SEO plugin. -->","yoast_head_json":{"title":"Specialist handbook on public building law - Ecosens AG","robots":{"index":"index","follow":"follow","max-snippet":"max-snippet:-1","max-image-preview":"max-image-preview:large","max-video-preview":"max-video-preview:-1"},"canonical":"https:\/\/www.ecosens.ch\/en\/publications\/specialist-manual-on-public-building-law\/","og_locale":"en_US","og_type":"article","og_title":"Fachhandbuch \u00d6ffentliches Baurecht - Ecosens AG","og_description":"Fachhandbuch \u00d6ffentliches Baurecht Buch bestellen Fachhandbuch aus dem Schulthess Verlag Endlich! Bisher war das Zusammenspiel von eidgen\u00f6ssischen, kantonalen und kommunalen Regelung bei der Realisierung von Bauprojekten auch f\u00fcr den Fachjuristen, Beh\u00f6rden, Planer, Architekten und andere Fachleute kaum nachvollziehbar. Dies hat sich mit dem Erscheinen des neuen Fachhandbuchs \u201e\u00d6ffentliches Baurecht\u201c aus dem Schulthess Verlag grundlegend ge\u00e4ndert. [&hellip;]","og_url":"https:\/\/www.ecosens.ch\/en\/publications\/specialist-manual-on-public-building-law\/","og_site_name":"Ecosens AG","article_modified_time":"2023-11-23T10:32:47+00:00","og_image":[{"url":"https:\/\/www.ecosens.ch\/wp-content\/uploads\/2023\/11\/Buchumschlag.jpg","type":"","width":"","height":""}],"twitter_card":"summary_large_image","twitter_misc":{"Est. reading time":"1 minute"},"schema":{"@context":"https:\/\/schema.org","@graph":[{"@type":"WebPage","@id":"https:\/\/www.ecosens.ch\/publikationen\/fachhandbuch-oeffentliches-baurecht\/","url":"https:\/\/www.ecosens.ch\/publikationen\/fachhandbuch-oeffentliches-baurecht\/","name":"Specialist handbook on public building law - Ecosens AG","isPartOf":{"@id":"https:\/\/www.ecosens.ch\/#website"},"primaryImageOfPage":{"@id":"https:\/\/www.ecosens.ch\/publikationen\/fachhandbuch-oeffentliches-baurecht\/#primaryimage"},"image":{"@id":"https:\/\/www.ecosens.ch\/publikationen\/fachhandbuch-oeffentliches-baurecht\/#primaryimage"},"thumbnailUrl":"https:\/\/www.ecosens.ch\/wp-content\/uploads\/2023\/11\/Buchumschlag.jpg","datePublished":"2023-11-23T10:14:04+00:00","dateModified":"2023-11-23T10:32:47+00:00","breadcrumb":{"@id":"https:\/\/www.ecosens.ch\/publikationen\/fachhandbuch-oeffentliches-baurecht\/#breadcrumb"},"inLanguage":"en-US","potentialAction":[{"@type":"ReadAction","target":["https:\/\/www.ecosens.ch\/publikationen\/fachhandbuch-oeffentliches-baurecht\/"]}]},{"@type":"ImageObject","inLanguage":"en-US","@id":"https:\/\/www.ecosens.ch\/publikationen\/fachhandbuch-oeffentliches-baurecht\/#primaryimage","url":"https:\/\/www.ecosens.ch\/wp-content\/uploads\/2023\/11\/Buchumschlag.jpg","contentUrl":"https:\/\/www.ecosens.ch\/wp-content\/uploads\/2023\/11\/Buchumschlag.jpg"},{"@type":"BreadcrumbList","@id":"https:\/\/www.ecosens.ch\/publikationen\/fachhandbuch-oeffentliches-baurecht\/#breadcrumb","itemListElement":[{"@type":"ListItem","position":1,"name":"Startseite","item":"https:\/\/www.ecosens.ch\/"},{"@type":"ListItem","position":2,"name":"Publikationen","item":"https:\/\/www.ecosens.ch\/publikationen\/"},{"@type":"ListItem","position":3,"name":"Fachhandbuch \u00d6ffentliches Baurecht"}]},{"@type":"WebSite","@id":"https:\/\/www.ecosens.ch\/#website","url":"https:\/\/www.ecosens.ch\/","name":"Ecosens AG","description":"","publisher":{"@id":"https:\/\/www.ecosens.ch\/#organization"},"potentialAction":[{"@type":"SearchAction","target":{"@type":"EntryPoint","urlTemplate":"https:\/\/www.ecosens.ch\/?s={search_term_string}"},"query-input":{"@type":"PropertyValueSpecification","valueRequired":true,"valueName":"search_term_string"}}],"inLanguage":"en-US"},{"@type":"Organization","@id":"https:\/\/www.ecosens.ch\/#organization","name":"Ecosens AG","url":"https:\/\/www.ecosens.ch\/","logo":{"@type":"ImageObject","inLanguage":"en-US","@id":"https:\/\/www.ecosens.ch\/#\/schema\/logo\/image\/","url":"https:\/\/www.ecosens.ch\/wp-content\/uploads\/2023\/01\/logo.svg","contentUrl":"https:\/\/www.ecosens.ch\/wp-content\/uploads\/2023\/01\/logo.svg","width":226,"height":45,"caption":"Ecosens AG"},"image":{"@id":"https:\/\/www.ecosens.ch\/#\/schema\/logo\/image\/"}}]}},"_links":{"self":[{"href":"https:\/\/www.ecosens.ch\/en\/wp-json\/wp\/v2\/pages\/8751","targetHints":{"allow":["GET"]}}],"collection":[{"href":"https:\/\/www.ecosens.ch\/en\/wp-json\/wp\/v2\/pages"}],"about":[{"href":"https:\/\/www.ecosens.ch\/en\/wp-json\/wp\/v2\/types\/page"}],"author":[{"embeddable":true,"href":"https:\/\/www.ecosens.ch\/en\/wp-json\/wp\/v2\/users\/1"}],"replies":[{"embeddable":true,"href":"https:\/\/www.ecosens.ch\/en\/wp-json\/wp\/v2\/comments?post=8751"}],"version-history":[{"count":5,"href":"https:\/\/www.ecosens.ch\/en\/wp-json\/wp\/v2\/pages\/8751\/revisions"}],"predecessor-version":[{"id":8770,"href":"https:\/\/www.ecosens.ch\/en\/wp-json\/wp\/v2\/pages\/8751\/revisions\/8770"}],"up":[{"embeddable":true,"href":"https:\/\/www.ecosens.ch\/en\/wp-json\/wp\/v2\/pages\/8735"}],"wp:attachment":[{"href":"https:\/\/www.ecosens.ch\/en\/wp-json\/wp\/v2\/media?parent=8751"}],"wp:term":[{"taxonomy":"folder","embeddable":true,"href":"https:\/\/www.ecosens.ch\/en\/wp-json\/wp\/v2\/folder?post=8751"}],"curies":[{"name":"wp","href":"https:\/\/api.w.org\/{rel}","templated":true}]}}