{"id":1989,"date":"2023-04-26T10:07:16","date_gmt":"2023-04-26T08:07:16","guid":{"rendered":"https:\/\/ecosens.aretis-staging.ch\/?page_id=1989"},"modified":"2024-04-25T14:18:24","modified_gmt":"2024-04-25T12:18:24","slug":"imprint","status":"publish","type":"page","link":"https:\/\/www.ecosens.ch\/en\/imprint\/","title":{"rendered":"Imprint"},"content":{"rendered":"<style>.elementor-1989 .elementor-element.elementor-element-a3e1183:not(.elementor-motion-effects-element-type-background), .elementor-1989 .elementor-element.elementor-element-a3e1183 > .elementor-motion-effects-container > .elementor-motion-effects-layer{background-color:var( --e-global-color-723681b );}.elementor-1989 .elementor-element.elementor-element-a3e1183 > .elementor-background-overlay{background-image:url(\"https:\/\/www.ecosens.ch\/wp-content\/uploads\/2023\/01\/bg-soft-1.jpg\");opacity:0.5;transition:background 0.3s, border-radius 0.3s, opacity 0.3s;}.elementor-1989 .elementor-element.elementor-element-a3e1183{transition:background 0.3s, border 0.3s, border-radius 0.3s, box-shadow 0.3s;padding:60px 0px 60px 0px;}.elementor-1989 .elementor-element.elementor-element-362b884{text-align:center;}.elementor-1989 .elementor-element.elementor-element-6bf83fb{text-align:center;}.elementor-1989 .elementor-element.elementor-element-6bf83fb .elementor-heading-title{font-size:16px;font-weight:400;text-transform:uppercase;letter-spacing:1.3px;color:var( --e-global-color-text );}.elementor-1989 .elementor-element.elementor-element-16f662c{--divider-border-style:solid;--divider-color:var( --e-global-color-secondary );--divider-border-width:3.2px;}.elementor-1989 .elementor-element.elementor-element-16f662c .elementor-divider-separator{width:95px;margin:0 auto;margin-center:0;}.elementor-1989 .elementor-element.elementor-element-16f662c .elementor-divider{text-align:center;padding-block-start:15px;padding-block-end:15px;}.elementor-1989 .elementor-element.elementor-element-d757d2f{transition:background 0.3s, border 0.3s, border-radius 0.3s, box-shadow 0.3s;padding:30px 0px 100px 0px;}.elementor-1989 .elementor-element.elementor-element-d757d2f > .elementor-background-overlay{transition:background 0.3s, border-radius 0.3s, opacity 0.3s;}.elementor-1989 .elementor-element.elementor-element-348d354 > .elementor-element-populated{padding:0px 0px 0px 0px;}.elementor-1989 .elementor-element.elementor-element-9e74064{margin-top:39px;margin-bottom:0px;}.elementor-1989 .elementor-element.elementor-element-813ee97 > .elementor-element-populated{margin:0px 0px 0px 0px;--e-column-margin-right:0px;--e-column-margin-left:0px;}:root{--page-title-display:none;}@media(max-width:1024px){.elementor-1989 .elementor-element.elementor-element-362b884 .elementor-heading-title{font-size:45px;}}@media(max-width:767px){.elementor-1989 .elementor-element.elementor-element-362b884 .elementor-heading-title{font-size:20px;}}<\/style>\t\t<div data-elementor-type=\"wp-page\" data-elementor-id=\"1989\" class=\"elementor elementor-1989\" data-elementor-post-type=\"page\">\n\t\t\t\t\t\t<section class=\"elementor-section elementor-top-section elementor-element elementor-element-a3e1183 elementor-section-boxed elementor-section-height-default elementor-section-height-default\" data-id=\"a3e1183\" data-element_type=\"section\" data-settings=\"{&quot;background_background&quot;:&quot;classic&quot;}\">\n\t\t\t\t\t\t\t<div class=\"elementor-background-overlay\"><\/div>\n\t\t\t\t\t\t\t<div class=\"elementor-container elementor-column-gap-default\">\n\t\t\t\t\t<div class=\"elementor-column elementor-col-100 elementor-top-column elementor-element elementor-element-d271dbb elementor-invisible\" data-id=\"d271dbb\" data-element_type=\"column\" data-settings=\"{&quot;animation&quot;:&quot;fadeInDown&quot;}\">\n\t\t\t<div class=\"elementor-widget-wrap elementor-element-populated\">\n\t\t\t\t\t\t<div class=\"elementor-element elementor-element-362b884 elementor-widget elementor-widget-heading\" data-id=\"362b884\" data-element_type=\"widget\" data-widget_type=\"heading.default\">\n\t\t\t\t<div class=\"elementor-widget-container\">\n\t\t\t\t\t<h1 class=\"elementor-heading-title elementor-size-default\">Imprint<\/h1>\t\t\t\t<\/div>\n\t\t\t\t<\/div>\n\t\t\t\t<div class=\"elementor-element elementor-element-6bf83fb elementor-widget elementor-widget-heading\" data-id=\"6bf83fb\" data-element_type=\"widget\" data-widget_type=\"heading.default\">\n\t\t\t\t<div class=\"elementor-widget-container\">\n\t\t\t\t\t<h4 class=\"elementor-heading-title elementor-size-default\">Ecosens AG<\/h4>\t\t\t\t<\/div>\n\t\t\t\t<\/div>\n\t\t\t\t<div class=\"elementor-element elementor-element-16f662c elementor-widget-divider--view-line elementor-widget elementor-widget-divider\" data-id=\"16f662c\" data-element_type=\"widget\" data-widget_type=\"divider.default\">\n\t\t\t\t<div class=\"elementor-widget-container\">\n\t\t\t\t\t\t\t<div class=\"elementor-divider\">\n\t\t\t<span class=\"elementor-divider-separator\">\n\t\t\t\t\t\t<\/span>\n\t\t<\/div>\n\t\t\t\t\t\t<\/div>\n\t\t\t\t<\/div>\n\t\t\t\t\t<\/div>\n\t\t<\/div>\n\t\t\t\t\t<\/div>\n\t\t<\/section>\n\t\t\t\t<section class=\"elementor-section elementor-top-section elementor-element elementor-element-d757d2f elementor-section-boxed elementor-section-height-default elementor-section-height-default\" data-id=\"d757d2f\" data-element_type=\"section\" data-settings=\"{&quot;background_background&quot;:&quot;classic&quot;}\">\n\t\t\t\t\t\t<div class=\"elementor-container elementor-column-gap-default\">\n\t\t\t\t\t<div class=\"elementor-column elementor-col-100 elementor-top-column elementor-element elementor-element-348d354\" data-id=\"348d354\" data-element_type=\"column\">\n\t\t\t<div class=\"elementor-widget-wrap elementor-element-populated\">\n\t\t\t\t\t\t<section class=\"elementor-section elementor-inner-section elementor-element elementor-element-9e74064 elementor-section-boxed elementor-section-height-default elementor-section-height-default\" data-id=\"9e74064\" data-element_type=\"section\">\n\t\t\t\t\t\t<div class=\"elementor-container elementor-column-gap-default\">\n\t\t\t\t\t<div class=\"elementor-column elementor-col-50 elementor-inner-column elementor-element elementor-element-813ee97\" data-id=\"813ee97\" data-element_type=\"column\">\n\t\t\t<div class=\"elementor-widget-wrap elementor-element-populated\">\n\t\t\t\t\t\t<div class=\"elementor-element elementor-element-2deecc3 elementor-widget elementor-widget-text-editor\" data-id=\"2deecc3\" data-element_type=\"widget\" data-widget_type=\"text-editor.default\">\n\t\t\t\t<div class=\"elementor-widget-container\">\n\t\t\t\t\t\t\t\t\t<h4>Contact address<\/h4><p><strong>Ecosens AG<\/strong><br \/>Hammerweg 1<br \/>8304 Wallisellen<\/p><p>Phone +41 44 537 09 09<br \/><a href=\"mailto:ecosens@ecosens.ch\">ecosens@ecosens.ch<\/a><\/p><h4>Authorized representatives<\/h4><p>Stefan fox<\/p><h4>Commercial register entry<\/h4><p>Commercial register no.: CHE-106.545.304 VAT<\/p><h4>Web realization<\/h4><p>Consulting, technical concept, design, programming and hosting of this website:<\/p><p>aretis\u00ae web agency<br \/>Morgartenstrasse 6<br \/>8004 Zurich<br \/>aretis\u00ae web agency &amp; web design<\/p>\t\t\t\t\t\t\t\t<\/div>\n\t\t\t\t<\/div>\n\t\t\t\t\t<\/div>\n\t\t<\/div>\n\t\t\t\t<div class=\"elementor-column elementor-col-50 elementor-inner-column elementor-element elementor-element-c23bb7a\" data-id=\"c23bb7a\" data-element_type=\"column\">\n\t\t\t<div class=\"elementor-widget-wrap elementor-element-populated\">\n\t\t\t\t\t\t<div class=\"elementor-element elementor-element-6035d20 elementor-widget elementor-widget-text-editor\" data-id=\"6035d20\" data-element_type=\"widget\" data-widget_type=\"text-editor.default\">\n\t\t\t\t<div class=\"elementor-widget-container\">\n\t\t\t\t\t\t\t\t\t<h4>Disclaimer<\/h4><p>The author accepts no liability for the correctness, accuracy, up-to-dateness, reliability and completeness of the information. Liability claims against the author for material or immaterial damage resulting from access to or use or non-use of the published information, misuse of the connection or technical faults are excluded. All offers are non-binding. The author expressly reserves the right to change, supplement or delete parts of the pages or the entire offer without prior notice or to cease publication temporarily or permanently.<\/p><h4>Liability for links<\/h4><p>References and links to third-party websites are outside our area of responsibility. We accept no responsibility for such websites. Access to and use of such websites is at the user's own risk.<\/p><h4>Copyrights<\/h4><p>The copyright and all other rights to content, images, photos or other files on the website belong exclusively to Ecosens AG or the specifically named rights holders. The written consent of the copyright holders must be obtained in advance for the reproduction of any elements.<\/p><h4>Privacy<\/h4><p>Ecosens AG complies with the current data protection law. Please note our <a href=\"https:\/\/www.ecosens.ch\/en\/data-protection\/\">Data protection guideline -&gt;<\/a><\/p>\t\t\t\t\t\t\t\t<\/div>\n\t\t\t\t<\/div>\n\t\t\t\t\t<\/div>\n\t\t<\/div>\n\t\t\t\t\t<\/div>\n\t\t<\/section>\n\t\t\t\t\t<\/div>\n\t\t<\/div>\n\t\t\t\t\t<\/div>\n\t\t<\/section>\n\t\t\t\t<\/div>","protected":false},"excerpt":{"rendered":"<p>Imprint Ecosens AG Contact address Ecosens AGHammerweg 18304 Wallisellen Phone +41 44 537 09 09ecosens@ecosens.ch Authorized representatives Stefan Fuchs Commercial register entry Commercial register no.: CHE-106.545.304 VAT Web realization Consulting, technical concept, design, programming and hosting of this website: aretis\u00ae WebagenturMorgartenstrasse 68004 Z\u00fcricharetis\u00ae Webagentur &amp; Webdesign Disclaimer The author assumes no liability whatsoever with regard to the correctness, accuracy, topicality, reliability and completeness of the content of [...].<\/p>","protected":false},"author":1,"featured_media":0,"parent":0,"menu_order":9,"comment_status":"closed","ping_status":"closed","template":"","meta":{"_acf_changed":false,"footnotes":""},"folder":[],"class_list":["post-1989","page","type-page","status-publish","hentry"],"acf":[],"yoast_head":"<!-- This site is optimized with the Yoast SEO plugin v26.8 - https:\/\/yoast.com\/product\/yoast-seo-wordpress\/ -->\n<title>Impressum - Ecosens AG<\/title>\n<meta name=\"robots\" content=\"index, follow, max-snippet:-1, max-image-preview:large, max-video-preview:-1\" \/>\n<link rel=\"canonical\" href=\"https:\/\/www.ecosens.ch\/en\/imprint\/\" \/>\n<meta property=\"og:locale\" content=\"en_US\" \/>\n<meta property=\"og:type\" content=\"article\" \/>\n<meta property=\"og:title\" content=\"Impressum - Ecosens AG\" \/>\n<meta property=\"og:description\" content=\"Impressum Ecosens AG Kontaktadresse Ecosens AGHammerweg 18304 Wallisellen Tel. +41 44 537 09 09ecosens@ecosens.ch Vertretungsberechtigte Personen Stefan Fuchs Handelsregistereintrag Handelsregister-Nr.: CHE-106.545.304 MWST Webrealisation Beratung, technisches Konzept, Design, Programmierung und Hosting dieser Website: aretis\u00ae WebagenturMorgartenstrasse 68004 Z\u00fcricharetis\u00ae Webagentur &amp; Webdesign Haftungsausschluss Der Autor \u00fcbernimmt keinerlei Gew\u00e4hr hinsichtlich der inhaltlichen Richtigkeit, Genauigkeit, Aktualit\u00e4t, Zuverl\u00e4ssigkeit und Vollst\u00e4ndigkeit der [&hellip;]\" \/>\n<meta property=\"og:url\" content=\"https:\/\/www.ecosens.ch\/en\/imprint\/\" \/>\n<meta property=\"og:site_name\" content=\"Ecosens AG\" \/>\n<meta property=\"article:modified_time\" content=\"2024-04-25T12:18:24+00:00\" \/>\n<meta name=\"twitter:card\" content=\"summary_large_image\" \/>\n<meta name=\"twitter:label1\" content=\"Est. reading time\" \/>\n\t<meta name=\"twitter:data1\" content=\"1 minute\" \/>\n<script type=\"application\/ld+json\" class=\"yoast-schema-graph\">{\"@context\":\"https:\/\/schema.org\",\"@graph\":[{\"@type\":\"WebPage\",\"@id\":\"https:\/\/www.ecosens.ch\/impressum\/\",\"url\":\"https:\/\/www.ecosens.ch\/impressum\/\",\"name\":\"Impressum - Ecosens AG\",\"isPartOf\":{\"@id\":\"https:\/\/www.ecosens.ch\/#website\"},\"datePublished\":\"2023-04-26T08:07:16+00:00\",\"dateModified\":\"2024-04-25T12:18:24+00:00\",\"breadcrumb\":{\"@id\":\"https:\/\/www.ecosens.ch\/impressum\/#breadcrumb\"},\"inLanguage\":\"en-US\",\"potentialAction\":[{\"@type\":\"ReadAction\",\"target\":[\"https:\/\/www.ecosens.ch\/impressum\/\"]}]},{\"@type\":\"BreadcrumbList\",\"@id\":\"https:\/\/www.ecosens.ch\/impressum\/#breadcrumb\",\"itemListElement\":[{\"@type\":\"ListItem\",\"position\":1,\"name\":\"Startseite\",\"item\":\"https:\/\/www.ecosens.ch\/\"},{\"@type\":\"ListItem\",\"position\":2,\"name\":\"Impressum\"}]},{\"@type\":\"WebSite\",\"@id\":\"https:\/\/www.ecosens.ch\/#website\",\"url\":\"https:\/\/www.ecosens.ch\/\",\"name\":\"Ecosens AG\",\"description\":\"\",\"publisher\":{\"@id\":\"https:\/\/www.ecosens.ch\/#organization\"},\"potentialAction\":[{\"@type\":\"SearchAction\",\"target\":{\"@type\":\"EntryPoint\",\"urlTemplate\":\"https:\/\/www.ecosens.ch\/?s={search_term_string}\"},\"query-input\":{\"@type\":\"PropertyValueSpecification\",\"valueRequired\":true,\"valueName\":\"search_term_string\"}}],\"inLanguage\":\"en-US\"},{\"@type\":\"Organization\",\"@id\":\"https:\/\/www.ecosens.ch\/#organization\",\"name\":\"Ecosens AG\",\"url\":\"https:\/\/www.ecosens.ch\/\",\"logo\":{\"@type\":\"ImageObject\",\"inLanguage\":\"en-US\",\"@id\":\"https:\/\/www.ecosens.ch\/#\/schema\/logo\/image\/\",\"url\":\"https:\/\/www.ecosens.ch\/wp-content\/uploads\/2023\/01\/logo.svg\",\"contentUrl\":\"https:\/\/www.ecosens.ch\/wp-content\/uploads\/2023\/01\/logo.svg\",\"width\":226,\"height\":45,\"caption\":\"Ecosens AG\"},\"image\":{\"@id\":\"https:\/\/www.ecosens.ch\/#\/schema\/logo\/image\/\"}}]}<\/script>\n<!-- \/ Yoast SEO plugin. -->","yoast_head_json":{"title":"Imprint - Ecosens AG","robots":{"index":"index","follow":"follow","max-snippet":"max-snippet:-1","max-image-preview":"max-image-preview:large","max-video-preview":"max-video-preview:-1"},"canonical":"https:\/\/www.ecosens.ch\/en\/imprint\/","og_locale":"en_US","og_type":"article","og_title":"Impressum - Ecosens AG","og_description":"Impressum Ecosens AG Kontaktadresse Ecosens AGHammerweg 18304 Wallisellen Tel. +41 44 537 09 09ecosens@ecosens.ch Vertretungsberechtigte Personen Stefan Fuchs Handelsregistereintrag Handelsregister-Nr.: CHE-106.545.304 MWST Webrealisation Beratung, technisches Konzept, Design, Programmierung und Hosting dieser Website: aretis\u00ae WebagenturMorgartenstrasse 68004 Z\u00fcricharetis\u00ae Webagentur &amp; Webdesign Haftungsausschluss Der Autor \u00fcbernimmt keinerlei Gew\u00e4hr hinsichtlich der inhaltlichen Richtigkeit, Genauigkeit, Aktualit\u00e4t, Zuverl\u00e4ssigkeit und Vollst\u00e4ndigkeit der [&hellip;]","og_url":"https:\/\/www.ecosens.ch\/en\/imprint\/","og_site_name":"Ecosens AG","article_modified_time":"2024-04-25T12:18:24+00:00","twitter_card":"summary_large_image","twitter_misc":{"Est. reading time":"1 minute"},"schema":{"@context":"https:\/\/schema.org","@graph":[{"@type":"WebPage","@id":"https:\/\/www.ecosens.ch\/impressum\/","url":"https:\/\/www.ecosens.ch\/impressum\/","name":"Imprint - Ecosens AG","isPartOf":{"@id":"https:\/\/www.ecosens.ch\/#website"},"datePublished":"2023-04-26T08:07:16+00:00","dateModified":"2024-04-25T12:18:24+00:00","breadcrumb":{"@id":"https:\/\/www.ecosens.ch\/impressum\/#breadcrumb"},"inLanguage":"en-US","potentialAction":[{"@type":"ReadAction","target":["https:\/\/www.ecosens.ch\/impressum\/"]}]},{"@type":"BreadcrumbList","@id":"https:\/\/www.ecosens.ch\/impressum\/#breadcrumb","itemListElement":[{"@type":"ListItem","position":1,"name":"Startseite","item":"https:\/\/www.ecosens.ch\/"},{"@type":"ListItem","position":2,"name":"Impressum"}]},{"@type":"WebSite","@id":"https:\/\/www.ecosens.ch\/#website","url":"https:\/\/www.ecosens.ch\/","name":"Ecosens AG","description":"","publisher":{"@id":"https:\/\/www.ecosens.ch\/#organization"},"potentialAction":[{"@type":"SearchAction","target":{"@type":"EntryPoint","urlTemplate":"https:\/\/www.ecosens.ch\/?s={search_term_string}"},"query-input":{"@type":"PropertyValueSpecification","valueRequired":true,"valueName":"search_term_string"}}],"inLanguage":"en-US"},{"@type":"Organization","@id":"https:\/\/www.ecosens.ch\/#organization","name":"Ecosens AG","url":"https:\/\/www.ecosens.ch\/","logo":{"@type":"ImageObject","inLanguage":"en-US","@id":"https:\/\/www.ecosens.ch\/#\/schema\/logo\/image\/","url":"https:\/\/www.ecosens.ch\/wp-content\/uploads\/2023\/01\/logo.svg","contentUrl":"https:\/\/www.ecosens.ch\/wp-content\/uploads\/2023\/01\/logo.svg","width":226,"height":45,"caption":"Ecosens AG"},"image":{"@id":"https:\/\/www.ecosens.ch\/#\/schema\/logo\/image\/"}}]}},"_links":{"self":[{"href":"https:\/\/www.ecosens.ch\/en\/wp-json\/wp\/v2\/pages\/1989","targetHints":{"allow":["GET"]}}],"collection":[{"href":"https:\/\/www.ecosens.ch\/en\/wp-json\/wp\/v2\/pages"}],"about":[{"href":"https:\/\/www.ecosens.ch\/en\/wp-json\/wp\/v2\/types\/page"}],"author":[{"embeddable":true,"href":"https:\/\/www.ecosens.ch\/en\/wp-json\/wp\/v2\/users\/1"}],"replies":[{"embeddable":true,"href":"https:\/\/www.ecosens.ch\/en\/wp-json\/wp\/v2\/comments?post=1989"}],"version-history":[{"count":10,"href":"https:\/\/www.ecosens.ch\/en\/wp-json\/wp\/v2\/pages\/1989\/revisions"}],"predecessor-version":[{"id":9289,"href":"https:\/\/www.ecosens.ch\/en\/wp-json\/wp\/v2\/pages\/1989\/revisions\/9289"}],"wp:attachment":[{"href":"https:\/\/www.ecosens.ch\/en\/wp-json\/wp\/v2\/media?parent=1989"}],"wp:term":[{"taxonomy":"folder","embeddable":true,"href":"https:\/\/www.ecosens.ch\/en\/wp-json\/wp\/v2\/folder?post=1989"}],"curies":[{"name":"wp","href":"https:\/\/api.w.org\/{rel}","templated":true}]}}